{"id":2516,"date":"2024-05-13T12:26:29","date_gmt":"2024-05-13T10:26:29","guid":{"rendered":"https:\/\/affiches-sete.com\/?post_type=product&#038;p=2516"},"modified":"2026-03-28T15:11:27","modified_gmt":"2026-03-28T14:11:27","slug":"t-shrit-pas-cher-dont-roumegue-be-happy-gris-fonce","status":"publish","type":"product","link":"https:\/\/fromsetewithlove.com\/index.php\/produit\/t-shrit-pas-cher-dont-roumegue-be-happy-gris-fonce\/","title":{"rendered":"T-shrit : Don&#8217;t Roum\u00e8gue [Gris Fonc\u00e9]"},"content":{"rendered":"<p><strong>\u00c0 propos des t-shirts:<\/strong><\/p>\n<p>Tee-shirt Homme \/ Femme<br \/>\n&#8211; 100% coton biologique<br \/>\n&#8211; Grammage : 150g\/m\u00b2<br \/>\n&#8211; Col avec bord c\u00f4te 100% coton<br \/>\n&#8211; Col rond<br \/>\n&#8211; Bande de propret\u00e9 au col<br \/>\n&#8211; Coupe ajust\u00e9e<br \/>\n&#8211; Tubulaire<\/p>\n<p>Si vous avez un doute sur la taille, n&#8217;h\u00e9sitez pas \u00e0 mesurer votre t-shirt pr\u00e9f\u00e9r\u00e9 et \u00e0 le comparer \u00e0 notre guide des tailles.<\/p>\n","protected":false},"excerpt":{"rendered":"<p>T-shrit : Don&#8217;t Roum\u00e8gue Be Happy<br \/>\nComme le chantait <a href=\"https:\/\/www.youtube.com\/watch?v=d-diB65scQU\" target=\"_blank\" rel=\"noopener\">Bobby McFerrin dans sa cultissime chanson<\/a> en 1989 !<\/p>\n<p>T-shirt s\u00e9rigraphi\u00e9 par moi avec mes petites mains \ud83d\ude42<br \/>\n<strong>Couleur : Gris Fonc\u00e9<\/strong><\/p>\n<p>Tee-shirt Homme \/ Femme<br \/>\n100% coton biologique<br \/>\nGrammage : 150g\/m\u00b2<\/p>\n","protected":false},"featured_media":2524,"template":"","meta":[],"product_brand":[],"product_cat":[30],"product_tag":[38],"class_list":{"0":"post-2516","1":"product","2":"type-product","3":"status-publish","4":"has-post-thumbnail","6":"product_cat-t-shirts","7":"product_tag-gris-fonce","8":"product_shipping_class-affiche_sans_cadre","10":"first","11":"outofstock","12":"shipping-taxable","13":"purchasable","14":"product-type-variable","15":"has-default-attributes"},"jetpack_sharing_enabled":true,"_links":{"self":[{"href":"https:\/\/fromsetewithlove.com\/index.php\/wp-json\/wp\/v2\/product\/2516","targetHints":{"allow":["GET"]}}],"collection":[{"href":"https:\/\/fromsetewithlove.com\/index.php\/wp-json\/wp\/v2\/product"}],"about":[{"href":"https:\/\/fromsetewithlove.com\/index.php\/wp-json\/wp\/v2\/types\/product"}],"wp:featuredmedia":[{"embeddable":true,"href":"https:\/\/fromsetewithlove.com\/index.php\/wp-json\/wp\/v2\/media\/2524"}],"wp:attachment":[{"href":"https:\/\/fromsetewithlove.com\/index.php\/wp-json\/wp\/v2\/media?parent=2516"}],"wp:term":[{"taxonomy":"product_brand","embeddable":true,"href":"https:\/\/fromsetewithlove.com\/index.php\/wp-json\/wp\/v2\/product_brand?post=2516"},{"taxonomy":"product_cat","embeddable":true,"href":"https:\/\/fromsetewithlove.com\/index.php\/wp-json\/wp\/v2\/product_cat?post=2516"},{"taxonomy":"product_tag","embeddable":true,"href":"https:\/\/fromsetewithlove.com\/index.php\/wp-json\/wp\/v2\/product_tag?post=2516"}],"curies":[{"name":"wp","href":"https:\/\/api.w.org\/{rel}","templated":true}]}}